{"id":13,"date":"2021-02-13T18:48:19","date_gmt":"2021-02-13T18:48:19","guid":{"rendered":"https:\/\/www.nappsweb.com\/index.php\/front-page-2\/"},"modified":"2025-11-25T01:19:46","modified_gmt":"2025-11-25T01:19:46","slug":"inicio","status":"publish","type":"page","link":"https:\/\/www.nappsweb.com\/","title":{"rendered":"Inicio"},"content":{"rendered":"\t\t<div data-elementor-type=\"wp-page\" data-elementor-id=\"13\" class=\"elementor elementor-13\" data-elementor-post-type=\"page\">\n\t\t\t\t\t\t<section class=\"elementor-section elementor-top-section elementor-element elementor-element-bb666de elementor-section-boxed elementor-section-height-default elementor-section-height-default\" data-id=\"bb666de\" data-element_type=\"section\" data-e-type=\"section\" data-settings=\"{&quot;background_background&quot;:&quot;classic&quot;}\">\n\t\t\t\t\t\t\t<div class=\"elementor-background-overlay\"><\/div>\n\t\t\t\t\t\t\t<div class=\"elementor-container elementor-column-gap-default\">\n\t\t\t\t\t<div class=\"elementor-column elementor-col-100 elementor-top-column elementor-element elementor-element-0d690f4\" data-id=\"0d690f4\" data-element_type=\"column\" data-e-type=\"column\">\n\t\t\t<div class=\"elementor-widget-wrap elementor-element-populated\">\n\t\t\t\t\t\t<div class=\"elementor-element elementor-element-aba51a7 elementor-widget elementor-widget-spacer\" data-id=\"aba51a7\" data-element_type=\"widget\" data-e-type=\"widget\" data-widget_type=\"spacer.default\">\n\t\t\t\t<div class=\"elementor-widget-container\">\n\t\t\t\t\t\t\t<div class=\"elementor-spacer\">\n\t\t\t<div class=\"elementor-spacer-inner\"><\/div>\n\t\t<\/div>\n\t\t\t\t\t\t<\/div>\n\t\t\t\t<\/div>\n\t\t\t\t<div class=\"elementor-element elementor-element-8931b35 elementor-widget elementor-widget-heading\" data-id=\"8931b35\" data-element_type=\"widget\" data-e-type=\"widget\" data-widget_type=\"heading.default\">\n\t\t\t\t<div class=\"elementor-widget-container\">\n\t\t\t\t\t<h2 class=\"elementor-heading-title elementor-size-default\">LA ERA DIGITAL EST\u00c1 AQU\u00cd<\/h2>\t\t\t\t<\/div>\n\t\t\t\t<\/div>\n\t\t\t\t<div class=\"elementor-element elementor-element-1135658 elementor-widget elementor-widget-spacer\" data-id=\"1135658\" data-element_type=\"widget\" data-e-type=\"widget\" data-widget_type=\"spacer.default\">\n\t\t\t\t<div class=\"elementor-widget-container\">\n\t\t\t\t\t\t\t<div class=\"elementor-spacer\">\n\t\t\t<div class=\"elementor-spacer-inner\"><\/div>\n\t\t<\/div>\n\t\t\t\t\t\t<\/div>\n\t\t\t\t<\/div>\n\t\t\t\t<div class=\"elementor-element elementor-element-6db5075 elementor-invisible elementor-widget elementor-widget-image\" data-id=\"6db5075\" data-element_type=\"widget\" data-e-type=\"widget\" data-settings=\"{&quot;_animation&quot;:&quot;rotateIn&quot;}\" data-widget_type=\"image.default\">\n\t\t\t\t<div class=\"elementor-widget-container\">\n\t\t\t\t\t\t\t\t\t\t\t\t\t\t\t<img fetchpriority=\"high\" decoding=\"async\" width=\"300\" height=\"300\" src=\"https:\/\/www.nappsweb.com\/wp-content\/uploads\/2025\/11\/logo-300x300.png\" class=\"attachment-medium size-medium wp-image-2503\" alt=\"\" srcset=\"https:\/\/www.nappsweb.com\/wp-content\/uploads\/2025\/11\/elementor\/thumbs\/logo-rf0fbxq2kpj29bwsgig3fi5jehw0y3y3nt3y69wqew.png 300w, https:\/\/www.nappsweb.com\/wp-content\/uploads\/2025\/11\/logo-150x150.png 150w, https:\/\/www.nappsweb.com\/wp-content\/uploads\/2025\/11\/logo-768x768.png 768w, https:\/\/www.nappsweb.com\/wp-content\/uploads\/2025\/11\/logo.png 1024w\" sizes=\"(max-width: 300px) 100vw, 300px\" \/>\t\t\t\t\t\t\t\t\t\t\t\t\t\t\t<\/div>\n\t\t\t\t<\/div>\n\t\t\t\t<div class=\"elementor-element elementor-element-180166f elementor-widget elementor-widget-heading\" data-id=\"180166f\" data-element_type=\"widget\" data-e-type=\"widget\" data-widget_type=\"heading.default\">\n\t\t\t\t<div class=\"elementor-widget-container\">\n\t\t\t\t\t<h2 class=\"elementor-heading-title elementor-size-default\">\u00bfEN T\u00da NEGOCIO TAMBI\u00c9N?<\/h2>\t\t\t\t<\/div>\n\t\t\t\t<\/div>\n\t\t\t\t<div class=\"elementor-element elementor-element-f8c2d93 elementor-widget elementor-widget-spacer\" data-id=\"f8c2d93\" data-element_type=\"widget\" data-e-type=\"widget\" data-widget_type=\"spacer.default\">\n\t\t\t\t<div class=\"elementor-widget-container\">\n\t\t\t\t\t\t\t<div class=\"elementor-spacer\">\n\t\t\t<div class=\"elementor-spacer-inner\"><\/div>\n\t\t<\/div>\n\t\t\t\t\t\t<\/div>\n\t\t\t\t<\/div>\n\t\t\t\t<div class=\"elementor-element elementor-element-1ccf24d elementor-widget elementor-widget-text-editor\" data-id=\"1ccf24d\" data-element_type=\"widget\" data-e-type=\"widget\" data-widget_type=\"text-editor.default\">\n\t\t\t\t<div class=\"elementor-widget-container\">\n\t\t\t\t\t\t\t\t\t<p data-start=\"366\" data-end=\"457\">\ud83d\udca5 <span data-start=\"369\" data-end=\"455\">El 75% de los clientes decide si conf\u00eda en una empresa solo por su presencia online.<\/span><\/p><p data-start=\"459\" data-end=\"554\">Aplica nuestro m\u00e9todo R.G.C.A<\/p><p data-start=\"459\" data-end=\"554\"><strong data-start=\"539\" data-end=\"554\">\u00bfA QUE ESPERAS?<\/strong><\/p><p data-start=\"556\" data-end=\"644\">\ud83d\udc49Mientras t\u00fa no apareces, tus competidores se est\u00e1n llevando a tus clientes. Cada d\u00eda sin marketing digital <strong>es una oportunidad perdida.<\/strong><\/p>\t\t\t\t\t\t\t\t<\/div>\n\t\t\t\t<\/div>\n\t\t\t\t<div class=\"elementor-element elementor-element-91a9cba elementor-widget elementor-widget-spacer\" data-id=\"91a9cba\" data-element_type=\"widget\" data-e-type=\"widget\" data-widget_type=\"spacer.default\">\n\t\t\t\t<div class=\"elementor-widget-container\">\n\t\t\t\t\t\t\t<div class=\"elementor-spacer\">\n\t\t\t<div class=\"elementor-spacer-inner\"><\/div>\n\t\t<\/div>\n\t\t\t\t\t\t<\/div>\n\t\t\t\t<\/div>\n\t\t\t\t<div class=\"elementor-element elementor-element-6372c6e elementor-widget elementor-widget-image\" data-id=\"6372c6e\" data-element_type=\"widget\" data-e-type=\"widget\" data-widget_type=\"image.default\">\n\t\t\t\t<div class=\"elementor-widget-container\">\n\t\t\t\t\t\t\t\t\t\t\t\t\t\t\t<img decoding=\"async\" width=\"580\" height=\"387\" src=\"https:\/\/www.nappsweb.com\/wp-content\/uploads\/2025\/11\/rgca-768x512.png\" class=\"attachment-medium_large size-medium_large wp-image-2558\" alt=\"\" srcset=\"https:\/\/www.nappsweb.com\/wp-content\/uploads\/2025\/11\/rgca-768x512.png 768w, https:\/\/www.nappsweb.com\/wp-content\/uploads\/2025\/11\/rgca-300x200.png 300w, https:\/\/www.nappsweb.com\/wp-content\/uploads\/2025\/11\/rgca-1024x683.png 1024w, https:\/\/www.nappsweb.com\/wp-content\/uploads\/2025\/11\/rgca-1200x800.png 1200w, https:\/\/www.nappsweb.com\/wp-content\/uploads\/2025\/11\/rgca.png 1536w\" sizes=\"(max-width: 580px) 100vw, 580px\" \/>\t\t\t\t\t\t\t\t\t\t\t\t\t\t\t<\/div>\n\t\t\t\t<\/div>\n\t\t\t\t<div class=\"elementor-element elementor-element-381106d animated-slow elementor-invisible elementor-widget elementor-widget-text-editor\" data-id=\"381106d\" data-element_type=\"widget\" data-e-type=\"widget\" data-settings=\"{&quot;_animation&quot;:&quot;fadeInDown&quot;,&quot;_animation_mobile&quot;:&quot;zoomIn&quot;,&quot;_animation_delay&quot;:200}\" data-widget_type=\"text-editor.default\">\n\t\t\t\t<div class=\"elementor-widget-container\">\n\t\t\t\t\t\t\t\t\t<h2 data-start=\"675\" data-end=\"750\"><strong data-start=\"677\" data-end=\"750\">EL M\u00c9TODO R.G.C.A:\u00a0<\/strong><\/h2><h4 data-start=\"675\" data-end=\"750\"><strong data-start=\"677\" data-end=\"750\">NUESTRA ESTRATEGIA GANADORA<\/strong><\/h4><p data-start=\"752\" data-end=\"921\">Combina las 4 herramientas m\u00e1s poderosas del mundo digital:<\/p><h3 data-start=\"923\" data-end=\"945\">\u2705 Redes Sociales<\/h3><p data-start=\"946\" data-end=\"1003\">Conecta, atrae y convierte seguidores en clientes reales.<\/p><h3 data-start=\"1005\" data-end=\"1019\">\u2705 Google<\/h3><p data-start=\"1020\" data-end=\"1066\">Aparece cuando tus clientes te est\u00e1n buscando.<\/p><h3 data-start=\"1068\" data-end=\"1094\">\u2705 Contenido de Valor<\/h3><p data-start=\"1095\" data-end=\"1141\">Posiciona tu marca y genera seguidores fieles.<\/p><h3 data-start=\"1143\" data-end=\"1176\">\u2705 Aprendizaje Digital Fugaz<\/h3><p data-start=\"1177\" data-end=\"1233\">Analiza, mejora y evoluciona cada mes sin perder tiempo.<\/p><p data-start=\"1177\" data-end=\"1233\">\ud83d\udd25 No necesitas saber de marketing. Solo necesitas tomar la decisi\u00f3n correcta.<\/p>\t\t\t\t\t\t\t\t<\/div>\n\t\t\t\t<\/div>\n\t\t\t\t<div class=\"elementor-element elementor-element-22f1377 elementor-widget elementor-widget-spacer\" data-id=\"22f1377\" data-element_type=\"widget\" data-e-type=\"widget\" data-widget_type=\"spacer.default\">\n\t\t\t\t<div class=\"elementor-widget-container\">\n\t\t\t\t\t\t\t<div class=\"elementor-spacer\">\n\t\t\t<div class=\"elementor-spacer-inner\"><\/div>\n\t\t<\/div>\n\t\t\t\t\t\t<\/div>\n\t\t\t\t<\/div>\n\t\t\t\t<div class=\"elementor-element elementor-element-42121cc elementor--h-position-center elementor--v-position-middle elementor-arrows-position-inside elementor-pagination-position-inside elementor-widget elementor-widget-slides\" data-id=\"42121cc\" data-element_type=\"widget\" data-e-type=\"widget\" data-settings=\"{&quot;transition&quot;:&quot;fade&quot;,&quot;navigation&quot;:&quot;both&quot;,&quot;autoplay&quot;:&quot;yes&quot;,&quot;autoplay_speed&quot;:5000,&quot;infinite&quot;:&quot;yes&quot;,&quot;transition_speed&quot;:500}\" data-widget_type=\"slides.default\">\n\t\t\t\t<div class=\"elementor-widget-container\">\n\t\t\t\t\t\t\t<div class=\"elementor-swiper\">\n\t\t\t<div class=\"elementor-slides-wrapper elementor-main-swiper swiper-container\" dir=\"ltr\" data-animation=\"\">\n\t\t\t\t<div class=\"swiper-wrapper elementor-slides\">\n\t\t\t\t\t\t\t\t\t\t<div class=\"elementor-repeater-item-90a0ef8 swiper-slide\"><div class=\"swiper-slide-bg\" role=\"img\"><\/div><div class=\"swiper-slide-inner\" ><div class=\"swiper-slide-contents\"><\/div><\/div><\/div><div class=\"elementor-repeater-item-7ea2efc swiper-slide\"><div class=\"swiper-slide-bg\" role=\"img\"><\/div><div class=\"swiper-slide-inner\" ><div class=\"swiper-slide-contents\"><\/div><\/div><\/div>\t\t\t\t<\/div>\n\t\t\t\t\t\t\t\t\t\t\t\t\t\t\t<div class=\"swiper-pagination\"><\/div>\n\t\t\t\t\t\t\t\t\t\t\t\t\t\t\t\t<div class=\"elementor-swiper-button elementor-swiper-button-prev\" role=\"button\" tabindex=\"0\">\n\t\t\t\t\t\t\t<i aria-hidden=\"true\" class=\"eicon-chevron-left\"><\/i>\t\t\t\t\t\t\t<span class=\"elementor-screen-only\">Previous slide<\/span>\n\t\t\t\t\t\t<\/div>\n\t\t\t\t\t\t<div class=\"elementor-swiper-button elementor-swiper-button-next\" role=\"button\" tabindex=\"0\">\n\t\t\t\t\t\t\t<i aria-hidden=\"true\" class=\"eicon-chevron-right\"><\/i>\t\t\t\t\t\t\t<span class=\"elementor-screen-only\">Next slide<\/span>\n\t\t\t\t\t\t<\/div>\n\t\t\t\t\t\t\t\t\t\t\t\t<\/div>\n\t\t<\/div>\n\t\t\t\t\t\t<\/div>\n\t\t\t\t<\/div>\n\t\t\t\t<div class=\"elementor-element elementor-element-c7061fe elementor-widget elementor-widget-spacer\" data-id=\"c7061fe\" data-element_type=\"widget\" data-e-type=\"widget\" data-widget_type=\"spacer.default\">\n\t\t\t\t<div class=\"elementor-widget-container\">\n\t\t\t\t\t\t\t<div class=\"elementor-spacer\">\n\t\t\t<div class=\"elementor-spacer-inner\"><\/div>\n\t\t<\/div>\n\t\t\t\t\t\t<\/div>\n\t\t\t\t<\/div>\n\t\t\t\t<div class=\"elementor-element elementor-element-c653b01 elementor-widget elementor-widget-heading\" data-id=\"c653b01\" data-element_type=\"widget\" data-e-type=\"widget\" data-widget_type=\"heading.default\">\n\t\t\t\t<div class=\"elementor-widget-container\">\n\t\t\t\t\t<h2 class=\"elementor-heading-title elementor-size-default\">\u00bf QUE CONSEGUIR\u00c1S ?<\/h2>\t\t\t\t<\/div>\n\t\t\t\t<\/div>\n\t\t\t\t<div class=\"elementor-element elementor-element-6772912 elementor-widget elementor-widget-spacer\" data-id=\"6772912\" data-element_type=\"widget\" data-e-type=\"widget\" data-widget_type=\"spacer.default\">\n\t\t\t\t<div class=\"elementor-widget-container\">\n\t\t\t\t\t\t\t<div class=\"elementor-spacer\">\n\t\t\t<div class=\"elementor-spacer-inner\"><\/div>\n\t\t<\/div>\n\t\t\t\t\t\t<\/div>\n\t\t\t\t<\/div>\n\t\t\t\t<div class=\"elementor-element elementor-element-6f7f3d5 animated-slow elementor-invisible elementor-widget elementor-widget-text-editor\" data-id=\"6f7f3d5\" data-element_type=\"widget\" data-e-type=\"widget\" data-settings=\"{&quot;_animation&quot;:&quot;fadeInDown&quot;,&quot;_animation_mobile&quot;:&quot;zoomIn&quot;,&quot;_animation_delay&quot;:200}\" data-widget_type=\"text-editor.default\">\n\t\t\t\t<div class=\"elementor-widget-container\">\n\t\t\t\t\t\t\t\t\t<p data-start=\"1414\" data-end=\"1633\">\u2728 Una marca profesional y moderna<br data-start=\"1447\" data-end=\"1450\" \/>\u2728 M\u00e1s visibilidad y m\u00e1s clientes<br data-start=\"1482\" data-end=\"1485\" \/>\u2728 Una web que vende por ti<br data-start=\"1511\" data-end=\"1514\" \/>\u2728 Contenido atractivo que genera confianza<br data-start=\"1556\" data-end=\"1559\" \/>\u2728 Estrategias reales, no trucos<br data-start=\"1590\" data-end=\"1593\" \/>\u2728 Un negocio preparado para competir HOY<\/p><p data-start=\"1414\" data-end=\"1633\">\ud83d\udca1 <em data-start=\"1650\" data-end=\"1716\">Imagina duplicar tus clientes sin aumentar tus horas de trabajo.<\/em><\/p>\t\t\t\t\t\t\t\t<\/div>\n\t\t\t\t<\/div>\n\t\t\t\t<div class=\"elementor-element elementor-element-bc0d66e elementor-widget elementor-widget-spacer\" data-id=\"bc0d66e\" data-element_type=\"widget\" data-e-type=\"widget\" data-widget_type=\"spacer.default\">\n\t\t\t\t<div class=\"elementor-widget-container\">\n\t\t\t\t\t\t\t<div class=\"elementor-spacer\">\n\t\t\t<div class=\"elementor-spacer-inner\"><\/div>\n\t\t<\/div>\n\t\t\t\t\t\t<\/div>\n\t\t\t\t<\/div>\n\t\t\t\t<div class=\"elementor-element elementor-element-f170108 elementor-widget elementor-widget-image\" data-id=\"f170108\" data-element_type=\"widget\" data-e-type=\"widget\" data-widget_type=\"image.default\">\n\t\t\t\t<div class=\"elementor-widget-container\">\n\t\t\t\t\t\t\t\t\t\t\t\t\t\t\t<img decoding=\"async\" width=\"580\" height=\"387\" src=\"https:\/\/www.nappsweb.com\/wp-content\/uploads\/2025\/11\/ChatGPT-Image-21-nov-2025-03_35_31-768x512.png\" class=\"attachment-medium_large size-medium_large wp-image-2513\" alt=\"\" srcset=\"https:\/\/www.nappsweb.com\/wp-content\/uploads\/2025\/11\/ChatGPT-Image-21-nov-2025-03_35_31-768x512.png 768w, https:\/\/www.nappsweb.com\/wp-content\/uploads\/2025\/11\/ChatGPT-Image-21-nov-2025-03_35_31-300x200.png 300w, https:\/\/www.nappsweb.com\/wp-content\/uploads\/2025\/11\/ChatGPT-Image-21-nov-2025-03_35_31-1024x683.png 1024w, https:\/\/www.nappsweb.com\/wp-content\/uploads\/2025\/11\/ChatGPT-Image-21-nov-2025-03_35_31-1200x800.png 1200w, https:\/\/www.nappsweb.com\/wp-content\/uploads\/2025\/11\/ChatGPT-Image-21-nov-2025-03_35_31.png 1536w\" sizes=\"(max-width: 580px) 100vw, 580px\" \/>\t\t\t\t\t\t\t\t\t\t\t\t\t\t\t<\/div>\n\t\t\t\t<\/div>\n\t\t\t\t<div class=\"elementor-element elementor-element-378fb3e animated-slow elementor-invisible elementor-widget elementor-widget-text-editor\" data-id=\"378fb3e\" data-element_type=\"widget\" data-e-type=\"widget\" data-settings=\"{&quot;_animation&quot;:&quot;fadeInDown&quot;,&quot;_animation_mobile&quot;:&quot;zoomIn&quot;,&quot;_animation_delay&quot;:200}\" data-widget_type=\"text-editor.default\">\n\t\t\t\t<div class=\"elementor-widget-container\">\n\t\t\t\t\t\t\t\t\t<h2 data-start=\"1829\" data-end=\"1867\"><strong data-start=\"1831\" data-end=\"1865\">Actualiza tu Negocio Hoy<\/strong><\/h2><p data-start=\"1868\" data-end=\"1993\">Tu competencia ya est\u00e1 avanzando.<\/p><p data-start=\"1868\" data-end=\"1993\">Tus clientes ya est\u00e1n en internet.<\/p><p data-start=\"1868\" data-end=\"1993\">Y t\u00fa puedes estar un paso adelante\u2026 o un paso atr\u00e1s.<\/p><p data-start=\"1995\" data-end=\"2074\">\u26a0\ufe0f <em data-start=\"1998\" data-end=\"2074\">Cada d\u00eda que pasa sin actualizarte es una oportunidad que est\u00e1s perdiendo.<\/em><\/p><p data-start=\"2076\" data-end=\"2181\">\ud83d\udc49 <strong data-start=\"2079\" data-end=\"2138\">Cont\u00e1ctanos y empieza tu actualizaci\u00f3n hoy.<\/strong><\/p>\t\t\t\t\t\t\t\t<\/div>\n\t\t\t\t<\/div>\n\t\t\t\t<div class=\"elementor-element elementor-element-3aa5eef elementor-align-justify elementor-widget elementor-widget-button\" data-id=\"3aa5eef\" data-element_type=\"widget\" data-e-type=\"widget\" data-widget_type=\"button.default\">\n\t\t\t\t<div class=\"elementor-widget-container\">\n\t\t\t\t\t\t\t\t\t<div class=\"elementor-button-wrapper\">\n\t\t\t\t\t<a class=\"elementor-button elementor-button-link elementor-size-sm\" href=\"https:\/\/wa.me\/34657074137\">\n\t\t\t\t\t\t<span class=\"elementor-button-content-wrapper\">\n\t\t\t\t\t\t\t\t\t<span class=\"elementor-button-text\">Empezar mi actualizaci\u00f3n<\/span>\n\t\t\t\t\t<\/span>\n\t\t\t\t\t<\/a>\n\t\t\t\t<\/div>\n\t\t\t\t\t\t\t\t<\/div>\n\t\t\t\t<\/div>\n\t\t\t\t<div class=\"elementor-element elementor-element-4587d8a elementor-widget elementor-widget-spacer\" data-id=\"4587d8a\" data-element_type=\"widget\" data-e-type=\"widget\" data-widget_type=\"spacer.default\">\n\t\t\t\t<div class=\"elementor-widget-container\">\n\t\t\t\t\t\t\t<div class=\"elementor-spacer\">\n\t\t\t<div class=\"elementor-spacer-inner\"><\/div>\n\t\t<\/div>\n\t\t\t\t\t\t<\/div>\n\t\t\t\t<\/div>\n\t\t\t\t<div class=\"elementor-element elementor-element-4e8009c animated-slow elementor-invisible elementor-widget elementor-widget-text-editor\" data-id=\"4e8009c\" data-element_type=\"widget\" data-e-type=\"widget\" data-settings=\"{&quot;_animation&quot;:&quot;fadeInDown&quot;,&quot;_animation_mobile&quot;:&quot;zoomIn&quot;,&quot;_animation_delay&quot;:200}\" data-widget_type=\"text-editor.default\">\n\t\t\t\t<div class=\"elementor-widget-container\">\n\t\t\t\t\t\t\t\t\t<p data-start=\"1829\" data-end=\"1867\"><strong>Tu transformaci\u00f3n digital comienza aqu\u00ed.<\/strong><\/p>\t\t\t\t\t\t\t\t<\/div>\n\t\t\t\t<\/div>\n\t\t\t\t<div class=\"elementor-element elementor-element-6f3509d elementor-widget elementor-widget-spacer\" data-id=\"6f3509d\" data-element_type=\"widget\" data-e-type=\"widget\" data-widget_type=\"spacer.default\">\n\t\t\t\t<div class=\"elementor-widget-container\">\n\t\t\t\t\t\t\t<div class=\"elementor-spacer\">\n\t\t\t<div class=\"elementor-spacer-inner\"><\/div>\n\t\t<\/div>\n\t\t\t\t\t\t<\/div>\n\t\t\t\t<\/div>\n\t\t\t\t\t<\/div>\n\t\t<\/div>\n\t\t\t\t\t<\/div>\n\t\t<\/section>\n\t\t\t\t<\/div>\n\t\t","protected":false},"excerpt":{"rendered":"<p>LA ERA DIGITAL EST\u00c1 AQU\u00cd \u00bfEN T\u00da NEGOCIO TAMBI\u00c9N? \ud83d\udca5 El 75% de los clientes decide si conf\u00eda en una empresa solo por su presencia online. Aplica nuestro m\u00e9todo R.G.C.A \u00bfA QUE ESPERAS? \ud83d\udc49Mientras t\u00fa no apareces, tus competidores se est\u00e1n llevando a tus clientes. Cada d\u00eda sin marketing digital es una oportunidad perdida. EL [&hellip;]<\/p>\n","protected":false},"author":1,"featured_media":0,"parent":0,"menu_order":0,"comment_status":"closed","ping_status":"closed","template":"elementor_canvas","meta":{"_eb_attr":"","_monsterinsights_skip_tracking":false,"_monsterinsights_sitenote_active":false,"_monsterinsights_sitenote_note":"","_monsterinsights_sitenote_category":0,"footnotes":""},"class_list":["post-13","page","type-page","status-publish","hentry"],"_links":{"self":[{"href":"https:\/\/www.nappsweb.com\/index.php\/wp-json\/wp\/v2\/pages\/13","targetHints":{"allow":["GET"]}}],"collection":[{"href":"https:\/\/www.nappsweb.com\/index.php\/wp-json\/wp\/v2\/pages"}],"about":[{"href":"https:\/\/www.nappsweb.com\/index.php\/wp-json\/wp\/v2\/types\/page"}],"author":[{"embeddable":true,"href":"https:\/\/www.nappsweb.com\/index.php\/wp-json\/wp\/v2\/users\/1"}],"replies":[{"embeddable":true,"href":"https:\/\/www.nappsweb.com\/index.php\/wp-json\/wp\/v2\/comments?post=13"}],"version-history":[{"count":336,"href":"https:\/\/www.nappsweb.com\/index.php\/wp-json\/wp\/v2\/pages\/13\/revisions"}],"predecessor-version":[{"id":2579,"href":"https:\/\/www.nappsweb.com\/index.php\/wp-json\/wp\/v2\/pages\/13\/revisions\/2579"}],"wp:attachment":[{"href":"https:\/\/www.nappsweb.com\/index.php\/wp-json\/wp\/v2\/media?parent=13"}],"curies":[{"name":"wp","href":"https:\/\/api.w.org\/{rel}","templated":true}]}}